{"id":127,"date":"2024-05-28T14:49:32","date_gmt":"2024-05-28T14:49:32","guid":{"rendered":"https:\/\/codesphere-tech.com\/?page_id=127"},"modified":"2024-05-28T14:49:32","modified_gmt":"2024-05-28T14:49:32","slug":"cookie-policy","status":"publish","type":"page","link":"https:\/\/codesphere-tech.com\/it\/cookie-policy\/","title":{"rendered":"Informativa sui cookie"},"content":{"rendered":"<h2 class=\"wp-block-heading\">Panoramica sull'utilizzo dei cookie<\/h2>\n\n\n\n<p>Benvenuti nella Politica sui Cookie di Codesphere, gestita da Codesphere Technologies LTD, indirizzo di registrazione: 2nd Floor College House, 17 King Edwards Road, Ruislip, Londra, Regno Unito, HA4 7AE, numero di registrazione: 15516099, numero di telefono: +447458149614, email: <a href=\"mailto:info@codesphere-tech.com\">info@codesphere-tech.com<\/a>indirizzo dell'ufficio: 1 Ropemaker St, Londra EC2V 9HT, Regno Unito.<\/p>\n\n\n\n<p>Questa politica spiega come vengono utilizzati i cookie e tecnologie simili sul nostro sito web (<a href=\"https:\/\/codesphere-tech.com\/it\/\">https:\/\/codesphere-tech.com\/<\/a>) per migliorare la vostra esperienza di navigazione. L'uso continuato del nostro sito web implica il consenso ai cookie come descritto nel presente documento. Se non \u00e8 d'accordo con l'utilizzo dei cookie, pu\u00f2 regolare le impostazioni del suo browser di conseguenza o astenersi dall'utilizzare il sito web di Codesphere.<\/p>\n\n\n\n<h2 class=\"wp-block-heading\">Spiegazione dei cookie<\/h2>\n\n\n\n<p>I cookie sono piccoli file di testo che i siti web memorizzano sul dispositivo dell'utente (ad esempio un computer, uno smartphone o un tablet) quando questi li visita. Svolgono varie funzioni, tra cui il riconoscimento del dispositivo, la memorizzazione delle preferenze e il miglioramento dell'esperienza dell'utente.<\/p>\n\n\n\n<h2 class=\"wp-block-heading\">Diversi tipi di biscotti<\/h2>\n\n\n\n<h3 class=\"wp-block-heading\">Biscotti essenziali<\/h3>\n\n\n\n<p>I cookie essenziali sono parte integrante del corretto funzionamento del nostro sito web. Consentono funzioni di base come la navigazione delle pagine e l'accesso alle aree protette. Alcuni servizi richiesti dall'utente, come l'accesso alle aree protette, non possono essere forniti senza questi cookie.<\/p>\n\n\n\n<h3 class=\"wp-block-heading\">Cookie funzionali<\/h3>\n\n\n\n<p>I cookie funzionali consentono al nostro sito web di ricordare le scelte dell'utente e di fornire funzionalit\u00e0 avanzate e personalizzate. Possono personalizzare le dimensioni del testo, i caratteri e altri elementi per allinearsi alle vostre preferenze, migliorando la vostra esperienza di navigazione complessiva.<\/p>\n\n\n\n<h3 class=\"wp-block-heading\">Cookie analitici<\/h3>\n\n\n\n<p>I cookie analitici ci aiutano a capire come i visitatori interagiscono con il nostro sito web raccogliendo e riportando informazioni in forma anonima. Questi dati ci permettono di identificare le tendenze, ottimizzare le prestazioni del sito e migliorare l'esperienza degli utenti.<\/p>\n\n\n\n<h3 class=\"wp-block-heading\">Cookie pubblicitari<\/h3>\n\n\n\n<p>I cookie pubblicitari forniscono annunci pubblicitari personalizzati in base agli interessi e alle preferenze dell'utente. Inoltre, aiutano a limitare la frequenza degli annunci visualizzati e a misurare l'efficacia delle campagne pubblicitarie. Le reti pubblicitarie di solito inseriscono questi cookie con il consenso dell'operatore del sito web.<\/p>\n\n\n\n<h3 class=\"wp-block-heading\">Cookie per i social media<\/h3>\n\n\n\n<p>I cookie dei social media sono impostati dai servizi di social media integrati nel nostro sito web. Questi cookie consentono di condividere i nostri contenuti con le vostre reti. Questi cookie possono anche tracciare l'attivit\u00e0 del vostro browser su altri siti per creare un profilo dei vostri interessi e personalizzare i contenuti che vedete.<\/p>\n\n\n\n<h3 class=\"wp-block-heading\">Cookie di sessione<\/h3>\n\n\n\n<p>I cookie di sessione sono temporanei e possono essere cancellati dal dispositivo dopo la navigazione. Sono essenziali affinch\u00e9 il nostro sito web funzioni in modo efficiente e mantenga la sicurezza durante la vostra visita.<\/p>\n\n\n\n<h3 class=\"wp-block-heading\">Cookie persistenti<\/h3>\n\n\n\n<p>I cookie persistenti rimangono sul dispositivo dell'utente per una durata specifica e vengono riattivati ogni volta che si visita il sito web che li ha inseriti. Servono a vari scopi, ad esempio a ricordare le credenziali di accesso o le preferenze dell'utente.<\/p>\n\n\n\n<p>Si noti che il blocco di alcuni cookie pu\u00f2 influire sulla vostra esperienza sul nostro sito web. \u00c8 possibile gestire le preferenze relative ai cookie attraverso le impostazioni del browser.<\/p>\n\n\n\n<h2 class=\"wp-block-heading\">Segnali DNT (Do Not Track)<\/h2>\n\n\n\n<p>Il \"Do Not Track\" \u00e8 una funzione del browser che consente agli utenti di rinunciare al tracciamento dei siti web, comprese le analisi e la pubblicit\u00e0. Sebbene il DNT sia una preferenza dell'utente, la sua efficacia dipende dalle risposte del sito web.<\/p>\n\n\n\n<h2 class=\"wp-block-heading\">Il nostro approccio ai segnali DNT<\/h2>\n\n\n\n<p>Codesphere rispetta i segnali DNT e limita la raccolta dei dati di conseguenza. Quando rileviamo un segnale DNT dal browser dell'utente, modifichiamo le nostre pratiche di raccolta dati come descritto nella nostra Informativa sulla privacy. Tuttavia, si prega di notare che l'abilitazione del DNT pu\u00f2 influire sulla funzionalit\u00e0 e sulla personalizzazione di alcune parti del nostro sito web.<\/p>\n\n\n\n<p>\u00c8 essenziale esaminare le politiche e i servizi dei singoli siti web per verificare la loro risposta ai segnali DNT, poich\u00e9 i servizi di terze parti possono avere politiche diverse.<\/p>\n\n\n\n<h2 class=\"wp-block-heading\">Il nostro uso dei cookie<\/h2>\n\n\n\n<p>Codesphere utilizza i cookie per vari scopi:<\/p>\n\n\n\n<ul class=\"wp-block-list\">\n<li><strong>Biscotti essenziali<\/strong><\/li>\n<\/ul>\n\n\n\n<p>I cookie essenziali facilitano il corretto funzionamento del nostro sito web, consentendo funzioni di base come la navigazione delle pagine e l'invio di moduli.<\/p>\n\n\n\n<ul class=\"wp-block-list\">\n<li><strong>Cookie analitici\/di prestazione<\/strong><\/li>\n<\/ul>\n\n\n\n<p>I cookie analitici ci aiutano a capire come i visitatori interagiscono con il nostro sito web raccogliendo dati sulle pagine visitate e sui messaggi di errore. Queste informazioni ci permettono di identificare le aree di miglioramento e di migliorare l'esperienza degli utenti.<\/p>\n\n\n\n<ul class=\"wp-block-list\">\n<li><strong>Cookie di funzionalit\u00e0<\/strong><\/li>\n<\/ul>\n\n\n\n<p>I cookie di funzionalit\u00e0 ricordano le scelte dell'utente (ad esempio le preferenze di lingua) e forniscono funzioni avanzate e personalizzate per migliorare la sua esperienza di navigazione.<\/p>\n\n\n\n<ul class=\"wp-block-list\">\n<li><strong>Cookie di targeting\/pubblicit\u00e0<\/strong><\/li>\n<\/ul>\n\n\n\n<p>I cookie di targeting forniscono annunci pubblicitari pertinenti ai vostri interessi e misurano l'efficacia delle campagne pubblicitarie. Questi cookie possono limitare il numero di volte in cui viene visualizzato un annuncio e ci aiutano a ottimizzare le nostre attivit\u00e0 di marketing.<\/p>\n\n\n\n<ul class=\"wp-block-list\">\n<li><strong>Cookie di terze parti<\/strong><\/li>\n<\/ul>\n\n\n\n<p>Codesphere pu\u00f2 utilizzare servizi di terze parti, come Google Analytics e piattaforme di social media, che possono impiegare cookie. Per ulteriori informazioni su come questi servizi utilizzano i cookie e gestiscono i dati dell'utente, consultare le loro politiche sulla privacy.<\/p>\n\n\n\n<h2 class=\"wp-block-heading\">Controllo delle impostazioni dei cookie<\/h2>\n\n\n\n<p>\u00c8 possibile gestire le preferenze relative ai cookie nelle impostazioni del browser. La maggior parte dei browser consente di bloccare o eliminare i cookie, ma ci\u00f2 pu\u00f2 influire sulla funzionalit\u00e0 del sito web. Per istruzioni sulla gestione dei cookie, consultare la documentazione della guida del browser.<\/p>\n\n\n\n<h2 class=\"wp-block-heading\">Modifiche alla nostra politica sui cookie<\/h2>\n\n\n\n<p>La presente Informativa sui cookie pu\u00f2 essere aggiornata periodicamente per riflettere le modifiche apportate all'utilizzo dei cookie. Si consiglia di rivedere periodicamente questa politica per rimanere informati sulle nostre pratiche.<\/p>\n\n\n\n<h2 class=\"wp-block-heading\">Come mettersi in contatto<\/h2>\n\n\n\n<p>Se avete domande o dubbi sulla nostra Politica sui cookie, contattateci:<\/p>\n\n\n\n<ul class=\"wp-block-list\">\n<li>E-mail: <a href=\"mailto:info@codesphere-tech.com\">info@codesphere-tech.com<\/a><\/li>\n\n\n\n<li>Telefono: <a href=\"tel:+447458149614\">+447458149614<\/a><\/li>\n\n\n\n<li>Pagina di contatto: <a href=\"https:\/\/codesphere-tech.com\/it\/client-support\/\">https:\/\/codesphere-tech.com\/client-support\/<\/a><\/li>\n<\/ul>","protected":false},"excerpt":{"rendered":"<p>Overview of Cookie Usage Welcome to Codesphere\u2019s Cookie Policy, operated by Codesphere Technologies LTD, registration address: 2nd Floor College House, 17 King Edwards Road, Ruislip, London, United Kingdom, HA4 7AE, registration number: 15516099, phone number: +447458149614, email: info@codesphere-tech.com, office address: 1 Ropemaker St, London EC2V 9HT, United Kingdom. This policy explains how cookies and similar [&hellip;]<\/p>","protected":false},"author":1,"featured_media":0,"parent":0,"menu_order":0,"comment_status":"closed","ping_status":"closed","template":"template-pages\/policy-template.php","meta":{"_acf_changed":false,"footnotes":""},"class_list":["post-127","page","type-page","status-publish","hentry"],"acf":[],"yoast_head":"<!-- This site is optimized with the Yoast SEO plugin v22.7 - https:\/\/yoast.com\/wordpress\/plugins\/seo\/ -->\n<title>Cookie Policy - codesphere-tech.com<\/title>\n<meta name=\"robots\" content=\"index, follow, max-snippet:-1, max-image-preview:large, max-video-preview:-1\" \/>\n<link rel=\"canonical\" href=\"https:\/\/codesphere-tech.com\/it\/cookie-policy\/\" \/>\n<meta property=\"og:locale\" content=\"it_IT\" \/>\n<meta property=\"og:type\" content=\"article\" \/>\n<meta property=\"og:title\" content=\"Cookie Policy - codesphere-tech.com\" \/>\n<meta property=\"og:description\" content=\"Overview of Cookie Usage Welcome to Codesphere\u2019s Cookie Policy, operated by Codesphere Technologies LTD, registration address: 2nd Floor College House, 17 King Edwards Road, Ruislip, London, United Kingdom, HA4 7AE, registration number: 15516099, phone number: +447458149614, email: info@codesphere-tech.com, office address: 1 Ropemaker St, London EC2V 9HT, United Kingdom. This policy explains how cookies and similar [&hellip;]\" \/>\n<meta property=\"og:url\" content=\"https:\/\/codesphere-tech.com\/it\/cookie-policy\/\" \/>\n<meta property=\"og:site_name\" content=\"codesphere-tech.com\" \/>\n<meta name=\"twitter:card\" content=\"summary_large_image\" \/>\n<meta name=\"twitter:label1\" content=\"Tempo di lettura stimato\" \/>\n\t<meta name=\"twitter:data1\" content=\"4 minuti\" \/>\n<script type=\"application\/ld+json\" class=\"yoast-schema-graph\">{\"@context\":\"https:\/\/schema.org\",\"@graph\":[{\"@type\":\"WebPage\",\"@id\":\"https:\/\/codesphere-tech.com\/cookie-policy\/\",\"url\":\"https:\/\/codesphere-tech.com\/cookie-policy\/\",\"name\":\"Cookie Policy - codesphere-tech.com\",\"isPartOf\":{\"@id\":\"https:\/\/codesphere-tech.com\/#website\"},\"datePublished\":\"2024-05-28T14:49:32+00:00\",\"dateModified\":\"2024-05-28T14:49:32+00:00\",\"breadcrumb\":{\"@id\":\"https:\/\/codesphere-tech.com\/cookie-policy\/#breadcrumb\"},\"inLanguage\":\"it-IT\",\"potentialAction\":[{\"@type\":\"ReadAction\",\"target\":[\"https:\/\/codesphere-tech.com\/cookie-policy\/\"]}]},{\"@type\":\"BreadcrumbList\",\"@id\":\"https:\/\/codesphere-tech.com\/cookie-policy\/#breadcrumb\",\"itemListElement\":[{\"@type\":\"ListItem\",\"position\":1,\"name\":\"Home\",\"item\":\"https:\/\/codesphere-tech.com\/\"},{\"@type\":\"ListItem\",\"position\":2,\"name\":\"Cookie Policy\"}]},{\"@type\":\"WebSite\",\"@id\":\"https:\/\/codesphere-tech.com\/#website\",\"url\":\"https:\/\/codesphere-tech.com\/\",\"name\":\"codesphere-tech.com\",\"description\":\"\",\"publisher\":{\"@id\":\"https:\/\/codesphere-tech.com\/#organization\"},\"potentialAction\":[{\"@type\":\"SearchAction\",\"target\":{\"@type\":\"EntryPoint\",\"urlTemplate\":\"https:\/\/codesphere-tech.com\/?s={search_term_string}\"},\"query-input\":\"required name=search_term_string\"}],\"inLanguage\":\"it-IT\"},{\"@type\":\"Organization\",\"@id\":\"https:\/\/codesphere-tech.com\/#organization\",\"name\":\"codesphere-tech.com\",\"url\":\"https:\/\/codesphere-tech.com\/\",\"logo\":{\"@type\":\"ImageObject\",\"inLanguage\":\"it-IT\",\"@id\":\"https:\/\/codesphere-tech.com\/#\/schema\/logo\/image\/\",\"url\":\"https:\/\/codesphere-tech.com\/wp-content\/uploads\/2024\/05\/Logo-1.svg\",\"contentUrl\":\"https:\/\/codesphere-tech.com\/wp-content\/uploads\/2024\/05\/Logo-1.svg\",\"width\":133,\"height\":35,\"caption\":\"codesphere-tech.com\"},\"image\":{\"@id\":\"https:\/\/codesphere-tech.com\/#\/schema\/logo\/image\/\"}}]}<\/script>\n<!-- \/ Yoast SEO plugin. -->","yoast_head_json":{"title":"Cookie Policy - codesphere-tech.com","robots":{"index":"index","follow":"follow","max-snippet":"max-snippet:-1","max-image-preview":"max-image-preview:large","max-video-preview":"max-video-preview:-1"},"canonical":"https:\/\/codesphere-tech.com\/it\/cookie-policy\/","og_locale":"it_IT","og_type":"article","og_title":"Cookie Policy - codesphere-tech.com","og_description":"Overview of Cookie Usage Welcome to Codesphere\u2019s Cookie Policy, operated by Codesphere Technologies LTD, registration address: 2nd Floor College House, 17 King Edwards Road, Ruislip, London, United Kingdom, HA4 7AE, registration number: 15516099, phone number: +447458149614, email: info@codesphere-tech.com, office address: 1 Ropemaker St, London EC2V 9HT, United Kingdom. This policy explains how cookies and similar [&hellip;]","og_url":"https:\/\/codesphere-tech.com\/it\/cookie-policy\/","og_site_name":"codesphere-tech.com","twitter_card":"summary_large_image","twitter_misc":{"Tempo di lettura stimato":"4 minuti"},"schema":{"@context":"https:\/\/schema.org","@graph":[{"@type":"WebPage","@id":"https:\/\/codesphere-tech.com\/cookie-policy\/","url":"https:\/\/codesphere-tech.com\/cookie-policy\/","name":"Cookie Policy - codesphere-tech.com","isPartOf":{"@id":"https:\/\/codesphere-tech.com\/#website"},"datePublished":"2024-05-28T14:49:32+00:00","dateModified":"2024-05-28T14:49:32+00:00","breadcrumb":{"@id":"https:\/\/codesphere-tech.com\/cookie-policy\/#breadcrumb"},"inLanguage":"it-IT","potentialAction":[{"@type":"ReadAction","target":["https:\/\/codesphere-tech.com\/cookie-policy\/"]}]},{"@type":"BreadcrumbList","@id":"https:\/\/codesphere-tech.com\/cookie-policy\/#breadcrumb","itemListElement":[{"@type":"ListItem","position":1,"name":"Home","item":"https:\/\/codesphere-tech.com\/"},{"@type":"ListItem","position":2,"name":"Cookie Policy"}]},{"@type":"WebSite","@id":"https:\/\/codesphere-tech.com\/#website","url":"https:\/\/codesphere-tech.com\/","name":"codesphere-tech.com","description":"","publisher":{"@id":"https:\/\/codesphere-tech.com\/#organization"},"potentialAction":[{"@type":"SearchAction","target":{"@type":"EntryPoint","urlTemplate":"https:\/\/codesphere-tech.com\/?s={search_term_string}"},"query-input":"required name=search_term_string"}],"inLanguage":"it-IT"},{"@type":"Organization","@id":"https:\/\/codesphere-tech.com\/#organization","name":"codesphere-tech.com","url":"https:\/\/codesphere-tech.com\/","logo":{"@type":"ImageObject","inLanguage":"it-IT","@id":"https:\/\/codesphere-tech.com\/#\/schema\/logo\/image\/","url":"https:\/\/codesphere-tech.com\/wp-content\/uploads\/2024\/05\/Logo-1.svg","contentUrl":"https:\/\/codesphere-tech.com\/wp-content\/uploads\/2024\/05\/Logo-1.svg","width":133,"height":35,"caption":"codesphere-tech.com"},"image":{"@id":"https:\/\/codesphere-tech.com\/#\/schema\/logo\/image\/"}}]}},"_links":{"self":[{"href":"https:\/\/codesphere-tech.com\/it\/wp-json\/wp\/v2\/pages\/127","targetHints":{"allow":["GET"]}}],"collection":[{"href":"https:\/\/codesphere-tech.com\/it\/wp-json\/wp\/v2\/pages"}],"about":[{"href":"https:\/\/codesphere-tech.com\/it\/wp-json\/wp\/v2\/types\/page"}],"author":[{"embeddable":true,"href":"https:\/\/codesphere-tech.com\/it\/wp-json\/wp\/v2\/users\/1"}],"replies":[{"embeddable":true,"href":"https:\/\/codesphere-tech.com\/it\/wp-json\/wp\/v2\/comments?post=127"}],"version-history":[{"count":1,"href":"https:\/\/codesphere-tech.com\/it\/wp-json\/wp\/v2\/pages\/127\/revisions"}],"predecessor-version":[{"id":128,"href":"https:\/\/codesphere-tech.com\/it\/wp-json\/wp\/v2\/pages\/127\/revisions\/128"}],"wp:attachment":[{"href":"https:\/\/codesphere-tech.com\/it\/wp-json\/wp\/v2\/media?parent=127"}],"curies":[{"name":"wp","href":"https:\/\/api.w.org\/{rel}","templated":true}]}}