{"id":105,"date":"2024-05-28T14:17:50","date_gmt":"2024-05-28T14:17:50","guid":{"rendered":"https:\/\/codesphere-tech.com\/?page_id=105"},"modified":"2024-05-28T14:17:51","modified_gmt":"2024-05-28T14:17:51","slug":"refund-policy","status":"publish","type":"page","link":"https:\/\/codesphere-tech.com\/de\/refund-policy\/","title":{"rendered":"Erstattungspolitik"},"content":{"rendered":"<h2 class=\"wp-block-heading\">\u00dcberblick \u00fcber die Politik<\/h2>\n\n\n\n<p>Wir sch\u00e4tzen Ihre Entscheidung f\u00fcr Codesphere bei <a href=\"https:\/\/codesphere-tech.com\/de\/\">https:\/\/codesphere-tech.com\/<\/a>betrieben von Codesphere Technologies LTD, Registrierungsadresse: 2nd Floor College House, 17 King Edwards Road, Ruislip, London, Vereinigtes K\u00f6nigreich, HA4 7AE, Registrierungsnummer: 15516099, Telefonnummer: +447458149614, E-Mail: <a href=\"mailto:info@codesphere-tech.com\">info@codesphere-tech.com<\/a>B\u00fcroadresse: 1 Ropemaker St, London EC2V 9HT, Vereinigtes K\u00f6nigreich.&nbsp;<\/p>\n\n\n\n<p>Es ist jedoch wichtig zu wissen, dass wir f\u00fcr alle Dienstleistungen und Produkte, die \u00fcber unsere Website gekauft werden, eine strikte R\u00fcckerstattungsrichtlinie haben. Sobald eine Transaktion abgeschlossen ist, gilt sie als endg\u00fcltig.<\/p>\n\n\n\n<h2 class=\"wp-block-heading\">Verantwortung f\u00fcr den Kunden<\/h2>\n\n\n\n<p>Die Kunden tragen die volle Verantwortung f\u00fcr ihre Kaufentscheidungen auf unserer Plattform. Wir empfehlen unseren Kunden dringend, alle Informationen und Spezifikationen zu den Dienstleistungen oder Produkten, die sie kaufen m\u00f6chten, gr\u00fcndlich zu pr\u00fcfen, bevor sie eine Entscheidung treffen.<\/p>\n\n\n\n<h2 class=\"wp-block-heading\">Ber\u00fccksichtigung von Erstattungsantr\u00e4gen<\/h2>\n\n\n\n<p>In Ausnahmef\u00e4llen k\u00f6nnen wir Erstattungsantr\u00e4ge akzeptieren. Diese Umst\u00e4nde k\u00f6nnen sein:<\/p>\n\n\n\n<ul class=\"wp-block-list\">\n<li><strong>Irrt\u00fcmliche Zahlungen:<\/strong> F\u00e4lle, in denen zuf\u00e4llige oder doppelte Zahlungen erfolgen.<\/li>\n\n\n\n<li><strong>Falscher Zahlungsbetrag:<\/strong> F\u00e4lle, in denen Kunden aufgrund von technischen Fehlern oder Schreibfehlern unsererseits ein falscher Betrag in Rechnung gestellt wird.<\/li>\n\n\n\n<li><strong>Zahlung unter Verwendung falscher Angaben:<\/strong> F\u00e4lle, in denen der Nachweis erbracht wird, dass eine Zahlung unter Verwendung falscher Zahlungsdaten erfolgt ist, was zu einer erfolglosen Transaktion gef\u00fchrt hat.<\/li>\n\n\n\n<li><strong>Nichtlieferung einer Dienstleistung oder eines Produkts: <\/strong>F\u00e4lle, in denen die gekaufte Dienstleistung oder das gekaufte Produkt aus von uns zu vertretenden Gr\u00fcnden nicht wie beschrieben geliefert wird.<\/li>\n<\/ul>\n\n\n\n<h2 class=\"wp-block-heading\">Antrag auf R\u00fcckerstattung<\/h2>\n\n\n\n<p>Wenn einer der oben genannten Ausnahmef\u00e4lle auf Sie zutrifft, k\u00f6nnen Sie eine R\u00fcckerstattung bei unserem Kundendienstteam beantragen unter <a href=\"mailto:info@codesphere-tech.com\">info@codesphere-tech.com<\/a>. Bitte f\u00fcgen Sie Ihrem Erstattungsantrag die folgenden Angaben bei:<\/p>\n\n\n\n<ul class=\"wp-block-list\">\n<li>Ihr vollst\u00e4ndiger Name<\/li>\n\n\n\n<li>F\u00fcr den Kauf verwendete E-Mail Adresse<\/li>\n\n\n\n<li>Datum des Vorgangs<\/li>\n\n\n\n<li>Transaktions-ID oder Quittung<\/li>\n\n\n\n<li>Detaillierte Erl\u00e4uterung des Themas<\/li>\n<\/ul>\n\n\n\n<h2 class=\"wp-block-heading\">\u00dcberpr\u00fcfung und Entscheidung<\/h2>\n\n\n\n<p>Nach Erhalt Ihres Erstattungsantrags wird unser Team die bereitgestellten Informationen gr\u00fcndlich pr\u00fcfen. Wir bem\u00fchen uns, alle Erstattungsantr\u00e4ge innerhalb von 7 Werktagen zu beantworten. Unsere Entscheidung \u00fcber den R\u00fcckerstattungsantrag basiert auf der Stichhaltigkeit der vorgelegten Umst\u00e4nde und unseren Richtlinien.<\/p>\n\n\n\n<h2 class=\"wp-block-heading\">So erreichen Sie uns<\/h2>\n\n\n\n<p>Wenn Sie Fragen haben oder weitere Informationen zu unseren R\u00fcckerstattungsrichtlinien ben\u00f6tigen, z\u00f6gern Sie bitte nicht, unser Kundendienstteam zu kontaktieren:<\/p>\n\n\n\n<ul class=\"wp-block-list\">\n<li>E-Mail: <a href=\"mailto:info@codesphere-tech.com\">info@codesphere-tech.com<\/a><\/li>\n\n\n\n<li>Telefon: <a href=\"tel:+447458149614\">+447458149614<\/a><\/li>\n\n\n\n<li>Kontakt Seite: <a href=\"https:\/\/codesphere-tech.com\/de\/client-support\/\">https:\/\/codesphere-tech.com\/client-support\/<\/a><\/li>\n<\/ul>\n\n\n\n<p>Bitte beachten Sie, dass diese Erstattungsrichtlinie ohne vorherige Ank\u00fcndigung ge\u00e4ndert werden kann. Wir empfehlen Ihnen, sie regelm\u00e4\u00dfig auf Aktualisierungen zu \u00fcberpr\u00fcfen.<\/p>","protected":false},"excerpt":{"rendered":"<p>Policy Overview We appreciate your decision to choose Codesphere at https:\/\/codesphere-tech.com\/, operated by Codesphere Technologies LTD, registration address: 2nd Floor College House, 17 King Edwards Road, Ruislip, London, United Kingdom, HA4 7AE, registration number: 15516099, phone number: +447458149614, email: info@codesphere-tech.com, office address: 1 Ropemaker St, London EC2V 9HT, United Kingdom.&nbsp; However, it\u2019s important to note [&hellip;]<\/p>","protected":false},"author":1,"featured_media":0,"parent":0,"menu_order":0,"comment_status":"closed","ping_status":"closed","template":"template-pages\/policy-template.php","meta":{"_acf_changed":false,"footnotes":""},"class_list":["post-105","page","type-page","status-publish","hentry"],"acf":[],"yoast_head":"<!-- This site is optimized with the Yoast SEO plugin v22.7 - https:\/\/yoast.com\/wordpress\/plugins\/seo\/ -->\n<title>Refund Policy - codesphere-tech.com<\/title>\n<meta name=\"robots\" content=\"index, follow, max-snippet:-1, max-image-preview:large, max-video-preview:-1\" \/>\n<link rel=\"canonical\" href=\"https:\/\/codesphere-tech.com\/de\/refund-policy\/\" \/>\n<meta property=\"og:locale\" content=\"de_DE\" \/>\n<meta property=\"og:type\" content=\"article\" \/>\n<meta property=\"og:title\" content=\"Refund Policy - codesphere-tech.com\" \/>\n<meta property=\"og:description\" content=\"Policy Overview We appreciate your decision to choose Codesphere at https:\/\/codesphere-tech.com\/, operated by Codesphere Technologies LTD, registration address: 2nd Floor College House, 17 King Edwards Road, Ruislip, London, United Kingdom, HA4 7AE, registration number: 15516099, phone number: +447458149614, email: info@codesphere-tech.com, office address: 1 Ropemaker St, London EC2V 9HT, United Kingdom.&nbsp; However, it\u2019s important to note [&hellip;]\" \/>\n<meta property=\"og:url\" content=\"https:\/\/codesphere-tech.com\/de\/refund-policy\/\" \/>\n<meta property=\"og:site_name\" content=\"codesphere-tech.com\" \/>\n<meta property=\"article:modified_time\" content=\"2024-05-28T14:17:51+00:00\" \/>\n<meta name=\"twitter:card\" content=\"summary_large_image\" \/>\n<meta name=\"twitter:label1\" content=\"Gesch\u00e4tzte Lesezeit\" \/>\n\t<meta name=\"twitter:data1\" content=\"2\u00a0Minuten\" \/>\n<script type=\"application\/ld+json\" class=\"yoast-schema-graph\">{\"@context\":\"https:\/\/schema.org\",\"@graph\":[{\"@type\":\"WebPage\",\"@id\":\"https:\/\/codesphere-tech.com\/refund-policy\/\",\"url\":\"https:\/\/codesphere-tech.com\/refund-policy\/\",\"name\":\"Refund Policy - codesphere-tech.com\",\"isPartOf\":{\"@id\":\"https:\/\/codesphere-tech.com\/#website\"},\"datePublished\":\"2024-05-28T14:17:50+00:00\",\"dateModified\":\"2024-05-28T14:17:51+00:00\",\"breadcrumb\":{\"@id\":\"https:\/\/codesphere-tech.com\/refund-policy\/#breadcrumb\"},\"inLanguage\":\"de\",\"potentialAction\":[{\"@type\":\"ReadAction\",\"target\":[\"https:\/\/codesphere-tech.com\/refund-policy\/\"]}]},{\"@type\":\"BreadcrumbList\",\"@id\":\"https:\/\/codesphere-tech.com\/refund-policy\/#breadcrumb\",\"itemListElement\":[{\"@type\":\"ListItem\",\"position\":1,\"name\":\"Home\",\"item\":\"https:\/\/codesphere-tech.com\/\"},{\"@type\":\"ListItem\",\"position\":2,\"name\":\"Refund Policy\"}]},{\"@type\":\"WebSite\",\"@id\":\"https:\/\/codesphere-tech.com\/#website\",\"url\":\"https:\/\/codesphere-tech.com\/\",\"name\":\"codesphere-tech.com\",\"description\":\"\",\"publisher\":{\"@id\":\"https:\/\/codesphere-tech.com\/#organization\"},\"potentialAction\":[{\"@type\":\"SearchAction\",\"target\":{\"@type\":\"EntryPoint\",\"urlTemplate\":\"https:\/\/codesphere-tech.com\/?s={search_term_string}\"},\"query-input\":\"required name=search_term_string\"}],\"inLanguage\":\"de\"},{\"@type\":\"Organization\",\"@id\":\"https:\/\/codesphere-tech.com\/#organization\",\"name\":\"codesphere-tech.com\",\"url\":\"https:\/\/codesphere-tech.com\/\",\"logo\":{\"@type\":\"ImageObject\",\"inLanguage\":\"de\",\"@id\":\"https:\/\/codesphere-tech.com\/#\/schema\/logo\/image\/\",\"url\":\"https:\/\/codesphere-tech.com\/wp-content\/uploads\/2024\/05\/Logo-1.svg\",\"contentUrl\":\"https:\/\/codesphere-tech.com\/wp-content\/uploads\/2024\/05\/Logo-1.svg\",\"width\":133,\"height\":35,\"caption\":\"codesphere-tech.com\"},\"image\":{\"@id\":\"https:\/\/codesphere-tech.com\/#\/schema\/logo\/image\/\"}}]}<\/script>\n<!-- \/ Yoast SEO plugin. -->","yoast_head_json":{"title":"Refund Policy - codesphere-tech.com","robots":{"index":"index","follow":"follow","max-snippet":"max-snippet:-1","max-image-preview":"max-image-preview:large","max-video-preview":"max-video-preview:-1"},"canonical":"https:\/\/codesphere-tech.com\/de\/refund-policy\/","og_locale":"de_DE","og_type":"article","og_title":"Refund Policy - codesphere-tech.com","og_description":"Policy Overview We appreciate your decision to choose Codesphere at https:\/\/codesphere-tech.com\/, operated by Codesphere Technologies LTD, registration address: 2nd Floor College House, 17 King Edwards Road, Ruislip, London, United Kingdom, HA4 7AE, registration number: 15516099, phone number: +447458149614, email: info@codesphere-tech.com, office address: 1 Ropemaker St, London EC2V 9HT, United Kingdom.&nbsp; However, it\u2019s important to note [&hellip;]","og_url":"https:\/\/codesphere-tech.com\/de\/refund-policy\/","og_site_name":"codesphere-tech.com","article_modified_time":"2024-05-28T14:17:51+00:00","twitter_card":"summary_large_image","twitter_misc":{"Gesch\u00e4tzte Lesezeit":"2\u00a0Minuten"},"schema":{"@context":"https:\/\/schema.org","@graph":[{"@type":"WebPage","@id":"https:\/\/codesphere-tech.com\/refund-policy\/","url":"https:\/\/codesphere-tech.com\/refund-policy\/","name":"Refund Policy - codesphere-tech.com","isPartOf":{"@id":"https:\/\/codesphere-tech.com\/#website"},"datePublished":"2024-05-28T14:17:50+00:00","dateModified":"2024-05-28T14:17:51+00:00","breadcrumb":{"@id":"https:\/\/codesphere-tech.com\/refund-policy\/#breadcrumb"},"inLanguage":"de","potentialAction":[{"@type":"ReadAction","target":["https:\/\/codesphere-tech.com\/refund-policy\/"]}]},{"@type":"BreadcrumbList","@id":"https:\/\/codesphere-tech.com\/refund-policy\/#breadcrumb","itemListElement":[{"@type":"ListItem","position":1,"name":"Home","item":"https:\/\/codesphere-tech.com\/"},{"@type":"ListItem","position":2,"name":"Refund Policy"}]},{"@type":"WebSite","@id":"https:\/\/codesphere-tech.com\/#website","url":"https:\/\/codesphere-tech.com\/","name":"codesphere-tech.com","description":"","publisher":{"@id":"https:\/\/codesphere-tech.com\/#organization"},"potentialAction":[{"@type":"SearchAction","target":{"@type":"EntryPoint","urlTemplate":"https:\/\/codesphere-tech.com\/?s={search_term_string}"},"query-input":"required name=search_term_string"}],"inLanguage":"de"},{"@type":"Organization","@id":"https:\/\/codesphere-tech.com\/#organization","name":"codesphere-tech.com","url":"https:\/\/codesphere-tech.com\/","logo":{"@type":"ImageObject","inLanguage":"de","@id":"https:\/\/codesphere-tech.com\/#\/schema\/logo\/image\/","url":"https:\/\/codesphere-tech.com\/wp-content\/uploads\/2024\/05\/Logo-1.svg","contentUrl":"https:\/\/codesphere-tech.com\/wp-content\/uploads\/2024\/05\/Logo-1.svg","width":133,"height":35,"caption":"codesphere-tech.com"},"image":{"@id":"https:\/\/codesphere-tech.com\/#\/schema\/logo\/image\/"}}]}},"_links":{"self":[{"href":"https:\/\/codesphere-tech.com\/de\/wp-json\/wp\/v2\/pages\/105","targetHints":{"allow":["GET"]}}],"collection":[{"href":"https:\/\/codesphere-tech.com\/de\/wp-json\/wp\/v2\/pages"}],"about":[{"href":"https:\/\/codesphere-tech.com\/de\/wp-json\/wp\/v2\/types\/page"}],"author":[{"embeddable":true,"href":"https:\/\/codesphere-tech.com\/de\/wp-json\/wp\/v2\/users\/1"}],"replies":[{"embeddable":true,"href":"https:\/\/codesphere-tech.com\/de\/wp-json\/wp\/v2\/comments?post=105"}],"version-history":[{"count":1,"href":"https:\/\/codesphere-tech.com\/de\/wp-json\/wp\/v2\/pages\/105\/revisions"}],"predecessor-version":[{"id":126,"href":"https:\/\/codesphere-tech.com\/de\/wp-json\/wp\/v2\/pages\/105\/revisions\/126"}],"wp:attachment":[{"href":"https:\/\/codesphere-tech.com\/de\/wp-json\/wp\/v2\/media?parent=105"}],"curies":[{"name":"wp","href":"https:\/\/api.w.org\/{rel}","templated":true}]}}